{"id":11092,"date":"2018-02-04T15:41:19","date_gmt":"2018-02-04T15:41:19","guid":{"rendered":"http:\/\/rifetheme.com\/unicorn\/?page_id=11092"},"modified":"2023-08-05T23:02:59","modified_gmt":"2023-08-05T21:02:59","slug":"contact","status":"publish","type":"page","link":"https:\/\/saleservice.ch\/fr\/contact\/","title":{"rendered":"Contact"},"content":{"rendered":"<div data-elementor-type=\"wp-post\" data-elementor-id=\"11092\" class=\"elementor elementor-11092\" data-elementor-post-type=\"page\">\n\t\t\t\t\t\t\t\t\t<section class=\"elementor-section elementor-top-section elementor-element elementor-element-1d601995 elementor-section-stretched elementor-section-height-min-height elementor-section-boxed elementor-section-height-default elementor-section-items-middle\" data-id=\"1d601995\" data-element_type=\"section\" data-settings=\"{&quot;stretch_section&quot;:&quot;section-stretched&quot;,&quot;background_background&quot;:&quot;classic&quot;,&quot;shape_divider_bottom&quot;:&quot;triangle&quot;,&quot;shape_divider_bottom_negative&quot;:&quot;yes&quot;}\">\n\t\t\t\t\t<div class=\"elementor-shape elementor-shape-bottom\" data-negative=\"true\">\n\t\t\t<svg xmlns=\"http:\/\/www.w3.org\/2000\/svg\" viewbox=\"0 0 1000 100\" preserveaspectratio=\"none\">\n\t<path class=\"elementor-shape-fill\" d=\"M500.2,94.7L0,0v100h1000V0L500.2,94.7z\"\/>\n<\/svg>\t\t<\/div>\n\t\t\t\t\t<div class=\"elementor-container elementor-column-gap-default\">\n\t\t\t\t\t<div class=\"elementor-column elementor-col-100 elementor-top-column elementor-element elementor-element-64eb11f\" data-id=\"64eb11f\" data-element_type=\"column\">\n\t\t\t<div class=\"elementor-widget-wrap elementor-element-populated\">\n\t\t\t\t\t\t\t\t<div class=\"elementor-element elementor-element-37176b03 elementor-widget elementor-widget-heading\" data-id=\"37176b03\" data-element_type=\"widget\" data-widget_type=\"heading.default\">\n\t\t\t\t<div class=\"elementor-widget-container\">\n\t\t\t<style>\/*! elementor - v3.15.0 - 02-08-2023 *\/\n.elementor-heading-title{padding:0;margin:0;line-height:1}.elementor-widget-heading .elementor-heading-title[class*=elementor-size-]>a{color:inherit;font-size:inherit;line-height:inherit}.elementor-widget-heading .elementor-heading-title.elementor-size-small{font-size:15px}.elementor-widget-heading .elementor-heading-title.elementor-size-medium{font-size:19px}.elementor-widget-heading .elementor-heading-title.elementor-size-large{font-size:29px}.elementor-widget-heading .elementor-heading-title.elementor-size-xl{font-size:39px}.elementor-widget-heading .elementor-heading-title.elementor-size-xxl{font-size:59px}<\/style><h2 class=\"elementor-heading-title elementor-size-default\">Contactez-nous d\u00e8s aujourd'hui<\/h2>\t\t<\/div>\n\t\t\t\t<\/div>\n\t\t\t\t<div class=\"elementor-element elementor-element-49906b84 elementor-widget elementor-widget-heading\" data-id=\"49906b84\" data-element_type=\"widget\" data-widget_type=\"heading.default\">\n\t\t\t\t<div class=\"elementor-widget-container\">\n\t\t\t<h2 class=\"elementor-heading-title elementor-size-default\">Nous vous proposons des solutions sur mesure pour r\u00e9pondre \u00e0 vos besoins.<\/h2>\t\t<\/div>\n\t\t\t\t<\/div>\n\t\t\t\t\t<\/div>\n\t\t<\/div>\n\t\t\t\t\t\t\t<\/div>\n\t\t<\/section>\n\t\t\t\t<section class=\"elementor-section elementor-top-section elementor-element elementor-element-53a9278b elementor-section-boxed elementor-section-height-default elementor-section-height-default\" data-id=\"53a9278b\" data-element_type=\"section\">\n\t\t\t\t\t\t<div class=\"elementor-container elementor-column-gap-extended\">\n\t\t\t\t\t<div class=\"elementor-column elementor-col-100 elementor-top-column elementor-element elementor-element-55b10b09\" data-id=\"55b10b09\" data-element_type=\"column\">\n\t\t\t<div class=\"elementor-widget-wrap elementor-element-populated\">\n\t\t\t\t\t\t\t\t<section class=\"elementor-section elementor-inner-section elementor-element elementor-element-f1116b5 elementor-section-boxed elementor-section-height-default elementor-section-height-default\" data-id=\"f1116b5\" data-element_type=\"section\">\n\t\t\t\t\t\t<div class=\"elementor-container elementor-column-gap-default\">\n\t\t\t\t\t<div class=\"elementor-column elementor-col-100 elementor-inner-column elementor-element elementor-element-098216e\" data-id=\"098216e\" data-element_type=\"column\">\n\t\t\t<div class=\"elementor-widget-wrap elementor-element-populated\">\n\t\t\t\t\t\t\t\t<div class=\"elementor-element elementor-element-4657df5 elementor-widget elementor-widget-heading\" data-id=\"4657df5\" data-element_type=\"widget\" data-widget_type=\"heading.default\">\n\t\t\t\t<div class=\"elementor-widget-container\">\n\t\t\t<h2 class=\"elementor-heading-title elementor-size-default\">Vente - Service de vente<\/h2>\t\t<\/div>\n\t\t\t\t<\/div>\n\t\t\t\t<div class=\"elementor-element elementor-element-dd366cf elementor-widget elementor-widget-text-editor\" data-id=\"dd366cf\" data-element_type=\"widget\" data-widget_type=\"text-editor.default\">\n\t\t\t\t<div class=\"elementor-widget-container\">\n\t\t\t<style>\/*! elementor - v3.15.0 - 02-08-2023 *\/\n.elementor-widget-text-editor.elementor-drop-cap-view-stacked .elementor-drop-cap{background-color:#69727d;color:#fff}.elementor-widget-text-editor.elementor-drop-cap-view-framed .elementor-drop-cap{color:#69727d;border:3px solid;background-color:transparent}.elementor-widget-text-editor:not(.elementor-drop-cap-view-default) .elementor-drop-cap{margin-top:8px}.elementor-widget-text-editor:not(.elementor-drop-cap-view-default) .elementor-drop-cap-letter{width:1em;height:1em}.elementor-widget-text-editor .elementor-drop-cap{float:left;text-align:center;line-height:1;font-size:50px}.elementor-widget-text-editor .elementor-drop-cap-letter{display:inline-block}<\/style>\t\t\t\t<p>Marcel Egli<br \/>chemin de la Forge 5<br \/>2345 Les Breuleux\/JU<\/p><p>Courrier \u00e9lectronique : sale@genetics-sale.ch<\/p><p>T\u00e9l\u00e9phone : +41 76 427 45 24<\/p>\t\t\t\t\t\t<\/div>\n\t\t\t\t<\/div>\n\t\t\t\t\t<\/div>\n\t\t<\/div>\n\t\t\t\t\t\t\t<\/div>\n\t\t<\/section>\n\t\t\t\t\t<\/div>\n\t\t<\/div>\n\t\t\t\t\t\t\t<\/div>\n\t\t<\/section>\n\t\t\t\t\t\t\t<\/div>","protected":false},"excerpt":{"rendered":"<p>Contactez-nous d\u00e8s aujourd'hui Nous vous proposons des solutions sur mesure pour...<\/p>\n<p> <a class=\"more-link\" href=\"https:\/\/saleservice.ch\/fr\/contact\/\">Lire la suite<\/a><\/p>","protected":false},"author":1,"featured_media":0,"parent":0,"menu_order":0,"comment_status":"closed","ping_status":"closed","template":"","meta":{"footnotes":""},"class_list":["post-11092","page","type-page","status-publish"],"yoast_head":"<!-- This site is optimized with the Yoast SEO plugin v20.12 - https:\/\/yoast.com\/wordpress\/plugins\/seo\/ -->\n<title>Contact - SaleService<\/title>\n<meta name=\"robots\" content=\"index, follow, max-snippet:-1, max-image-preview:large, max-video-preview:-1\" \/>\n<link rel=\"canonical\" href=\"https:\/\/saleservice.ch\/fr\/contact\/\" \/>\n<meta property=\"og:locale\" content=\"fr_FR\" \/>\n<meta property=\"og:type\" content=\"article\" \/>\n<meta property=\"og:title\" content=\"Contact - SaleService\" \/>\n<meta property=\"og:description\" content=\"Kontaktieren Sie unsnoch heute Wir bieten Ihnen ma\u00dfgeschneiderte L\u00f6sungen f\u00fcr&hellip;  Lire la suite\" \/>\n<meta property=\"og:url\" content=\"https:\/\/saleservice.ch\/fr\/contact\/\" \/>\n<meta property=\"og:site_name\" content=\"SaleService\" \/>\n<meta property=\"article:modified_time\" content=\"2023-08-05T21:02:59+00:00\" \/>\n<meta name=\"twitter:card\" content=\"summary_large_image\" \/>\n<script type=\"application\/ld+json\" class=\"yoast-schema-graph\">{\"@context\":\"https:\/\/schema.org\",\"@graph\":[{\"@type\":\"WebPage\",\"@id\":\"https:\/\/saleservice.ch\/contact\/\",\"url\":\"https:\/\/saleservice.ch\/contact\/\",\"name\":\"Contact - SaleService\",\"isPartOf\":{\"@id\":\"https:\/\/saleservice.ch\/#website\"},\"datePublished\":\"2018-02-04T15:41:19+00:00\",\"dateModified\":\"2023-08-05T21:02:59+00:00\",\"breadcrumb\":{\"@id\":\"https:\/\/saleservice.ch\/contact\/#breadcrumb\"},\"inLanguage\":\"fr-FR\",\"potentialAction\":[{\"@type\":\"ReadAction\",\"target\":[\"https:\/\/saleservice.ch\/contact\/\"]}]},{\"@type\":\"BreadcrumbList\",\"@id\":\"https:\/\/saleservice.ch\/contact\/#breadcrumb\",\"itemListElement\":[{\"@type\":\"ListItem\",\"position\":1,\"name\":\"Startseite\",\"item\":\"https:\/\/saleservice.ch\/\"},{\"@type\":\"ListItem\",\"position\":2,\"name\":\"Contact\"}]},{\"@type\":\"WebSite\",\"@id\":\"https:\/\/saleservice.ch\/#website\",\"url\":\"https:\/\/saleservice.ch\/\",\"name\":\"SaleService\",\"description\":\"\",\"publisher\":{\"@id\":\"https:\/\/saleservice.ch\/#organization\"},\"potentialAction\":[{\"@type\":\"SearchAction\",\"target\":{\"@type\":\"EntryPoint\",\"urlTemplate\":\"https:\/\/saleservice.ch\/?s={search_term_string}\"},\"query-input\":\"required name=search_term_string\"}],\"inLanguage\":\"fr-FR\"},{\"@type\":\"Organization\",\"@id\":\"https:\/\/saleservice.ch\/#organization\",\"name\":\"Genetics Sale\",\"url\":\"https:\/\/saleservice.ch\/\",\"logo\":{\"@type\":\"ImageObject\",\"inLanguage\":\"fr-FR\",\"@id\":\"https:\/\/saleservice.ch\/#\/schema\/logo\/image\/\",\"url\":\"https:\/\/saleservice.ch\/wp-content\/uploads\/2023\/08\/cropped-Logo-SaleService.png\",\"contentUrl\":\"https:\/\/saleservice.ch\/wp-content\/uploads\/2023\/08\/cropped-Logo-SaleService.png\",\"width\":2331,\"height\":567,\"caption\":\"Genetics Sale\"},\"image\":{\"@id\":\"https:\/\/saleservice.ch\/#\/schema\/logo\/image\/\"}}]}<\/script>\n<!-- \/ Yoast SEO plugin. -->","yoast_head_json":{"title":"Contact - SaleService","robots":{"index":"index","follow":"follow","max-snippet":"max-snippet:-1","max-image-preview":"max-image-preview:large","max-video-preview":"max-video-preview:-1"},"canonical":"https:\/\/saleservice.ch\/fr\/contact\/","og_locale":"fr_FR","og_type":"article","og_title":"Contact - SaleService","og_description":"Kontaktieren Sie unsnoch heute Wir bieten Ihnen ma\u00dfgeschneiderte L\u00f6sungen f\u00fcr&hellip;  Lire la suite","og_url":"https:\/\/saleservice.ch\/fr\/contact\/","og_site_name":"SaleService","article_modified_time":"2023-08-05T21:02:59+00:00","twitter_card":"summary_large_image","schema":{"@context":"https:\/\/schema.org","@graph":[{"@type":"WebPage","@id":"https:\/\/saleservice.ch\/contact\/","url":"https:\/\/saleservice.ch\/contact\/","name":"Contact - SaleService","isPartOf":{"@id":"https:\/\/saleservice.ch\/#website"},"datePublished":"2018-02-04T15:41:19+00:00","dateModified":"2023-08-05T21:02:59+00:00","breadcrumb":{"@id":"https:\/\/saleservice.ch\/contact\/#breadcrumb"},"inLanguage":"fr-FR","potentialAction":[{"@type":"ReadAction","target":["https:\/\/saleservice.ch\/contact\/"]}]},{"@type":"BreadcrumbList","@id":"https:\/\/saleservice.ch\/contact\/#breadcrumb","itemListElement":[{"@type":"ListItem","position":1,"name":"Startseite","item":"https:\/\/saleservice.ch\/"},{"@type":"ListItem","position":2,"name":"Contact"}]},{"@type":"WebSite","@id":"https:\/\/saleservice.ch\/#website","url":"https:\/\/saleservice.ch\/","name":"SaleService","description":"","publisher":{"@id":"https:\/\/saleservice.ch\/#organization"},"potentialAction":[{"@type":"SearchAction","target":{"@type":"EntryPoint","urlTemplate":"https:\/\/saleservice.ch\/?s={search_term_string}"},"query-input":"required name=search_term_string"}],"inLanguage":"fr-FR"},{"@type":"Organization","@id":"https:\/\/saleservice.ch\/#organization","name":"Genetics Sale","url":"https:\/\/saleservice.ch\/","logo":{"@type":"ImageObject","inLanguage":"fr-FR","@id":"https:\/\/saleservice.ch\/#\/schema\/logo\/image\/","url":"https:\/\/saleservice.ch\/wp-content\/uploads\/2023\/08\/cropped-Logo-SaleService.png","contentUrl":"https:\/\/saleservice.ch\/wp-content\/uploads\/2023\/08\/cropped-Logo-SaleService.png","width":2331,"height":567,"caption":"Genetics Sale"},"image":{"@id":"https:\/\/saleservice.ch\/#\/schema\/logo\/image\/"}}]}},"_links":{"self":[{"href":"https:\/\/saleservice.ch\/fr\/wp-json\/wp\/v2\/pages\/11092","targetHints":{"allow":["GET"]}}],"collection":[{"href":"https:\/\/saleservice.ch\/fr\/wp-json\/wp\/v2\/pages"}],"about":[{"href":"https:\/\/saleservice.ch\/fr\/wp-json\/wp\/v2\/types\/page"}],"author":[{"embeddable":true,"href":"https:\/\/saleservice.ch\/fr\/wp-json\/wp\/v2\/users\/1"}],"replies":[{"embeddable":true,"href":"https:\/\/saleservice.ch\/fr\/wp-json\/wp\/v2\/comments?post=11092"}],"version-history":[{"count":9,"href":"https:\/\/saleservice.ch\/fr\/wp-json\/wp\/v2\/pages\/11092\/revisions"}],"predecessor-version":[{"id":12121,"href":"https:\/\/saleservice.ch\/fr\/wp-json\/wp\/v2\/pages\/11092\/revisions\/12121"}],"wp:attachment":[{"href":"https:\/\/saleservice.ch\/fr\/wp-json\/wp\/v2\/media?parent=11092"}],"curies":[{"name":"wp","href":"https:\/\/api.w.org\/{rel}","templated":true}]}}