{"id":12134,"date":"2023-08-05T23:11:40","date_gmt":"2023-08-05T21:11:40","guid":{"rendered":"https:\/\/saleservice.ch\/?page_id=12134"},"modified":"2023-08-06T11:52:28","modified_gmt":"2023-08-06T09:52:28","slug":"agb","status":"publish","type":"page","link":"https:\/\/saleservice.ch\/fr\/agb\/","title":{"rendered":"Conditions g\u00e9n\u00e9rales de vente"},"content":{"rendered":"<div data-elementor-type=\"wp-post\" data-elementor-id=\"12134\" class=\"elementor elementor-12134\" data-elementor-post-type=\"page\">\n\t\t\t\t\t\t\t\t\t<section class=\"elementor-section elementor-top-section elementor-element elementor-element-53a9278b elementor-section-boxed elementor-section-height-default elementor-section-height-default\" data-id=\"53a9278b\" data-element_type=\"section\">\n\t\t\t\t\t\t<div class=\"elementor-container elementor-column-gap-extended\">\n\t\t\t\t\t<div class=\"elementor-column elementor-col-100 elementor-top-column elementor-element elementor-element-55b10b09\" data-id=\"55b10b09\" data-element_type=\"column\">\n\t\t\t<div class=\"elementor-widget-wrap elementor-element-populated\">\n\t\t\t\t\t\t\t\t<section class=\"elementor-section elementor-inner-section elementor-element elementor-element-f1116b5 elementor-section-boxed elementor-section-height-default elementor-section-height-default\" data-id=\"f1116b5\" data-element_type=\"section\">\n\t\t\t\t\t\t<div class=\"elementor-container elementor-column-gap-default\">\n\t\t\t\t\t<div class=\"elementor-column elementor-col-100 elementor-inner-column elementor-element elementor-element-34e17bf\" data-id=\"34e17bf\" data-element_type=\"column\">\n\t\t\t<div class=\"elementor-widget-wrap elementor-element-populated\">\n\t\t\t\t\t\t\t\t<div class=\"elementor-element elementor-element-748421b elementor-widget elementor-widget-heading\" data-id=\"748421b\" data-element_type=\"widget\" data-widget_type=\"heading.default\">\n\t\t\t\t<div class=\"elementor-widget-container\">\n\t\t\t<style>\/*! elementor - v3.15.0 - 02-08-2023 *\/\n.elementor-heading-title{padding:0;margin:0;line-height:1}.elementor-widget-heading .elementor-heading-title[class*=elementor-size-]>a{color:inherit;font-size:inherit;line-height:inherit}.elementor-widget-heading .elementor-heading-title.elementor-size-small{font-size:15px}.elementor-widget-heading .elementor-heading-title.elementor-size-medium{font-size:19px}.elementor-widget-heading .elementor-heading-title.elementor-size-large{font-size:29px}.elementor-widget-heading .elementor-heading-title.elementor-size-xl{font-size:39px}.elementor-widget-heading .elementor-heading-title.elementor-size-xxl{font-size:59px}<\/style><h2 class=\"elementor-heading-title elementor-size-default\">Conditions g\u00e9n\u00e9rales de vente<\/h2>\t\t<\/div>\n\t\t\t\t<\/div>\n\t\t\t\t\t<\/div>\n\t\t<\/div>\n\t\t\t\t\t\t\t<\/div>\n\t\t<\/section>\n\t\t\t\t\t<\/div>\n\t\t<\/div>\n\t\t\t\t\t\t\t<\/div>\n\t\t<\/section>\n\t\t\t\t<section class=\"elementor-section elementor-top-section elementor-element elementor-element-bf2451d elementor-section-boxed elementor-section-height-default elementor-section-height-default\" data-id=\"bf2451d\" data-element_type=\"section\">\n\t\t\t\t\t\t<div class=\"elementor-container elementor-column-gap-default\">\n\t\t\t\t\t<div class=\"elementor-column elementor-col-100 elementor-top-column elementor-element elementor-element-f588456\" data-id=\"f588456\" data-element_type=\"column\">\n\t\t\t<div class=\"elementor-widget-wrap elementor-element-populated\">\n\t\t\t\t\t\t\t\t<div class=\"elementor-element elementor-element-ed41c45 elementor-widget elementor-widget-text-editor\" data-id=\"ed41c45\" data-element_type=\"widget\" data-widget_type=\"text-editor.default\">\n\t\t\t\t<div class=\"elementor-widget-container\">\n\t\t\t<style>\/*! elementor - v3.15.0 - 02-08-2023 *\/\n.elementor-widget-text-editor.elementor-drop-cap-view-stacked .elementor-drop-cap{background-color:#69727d;color:#fff}.elementor-widget-text-editor.elementor-drop-cap-view-framed .elementor-drop-cap{color:#69727d;border:3px solid;background-color:transparent}.elementor-widget-text-editor:not(.elementor-drop-cap-view-default) .elementor-drop-cap{margin-top:8px}.elementor-widget-text-editor:not(.elementor-drop-cap-view-default) .elementor-drop-cap-letter{width:1em;height:1em}.elementor-widget-text-editor .elementor-drop-cap{float:left;text-align:center;line-height:1;font-size:50px}.elementor-widget-text-editor .elementor-drop-cap-letter{display:inline-block}<\/style>\t\t\t\t<p><strong>Sale Service est une page d'accueil de Genetics Sale<\/strong><\/p><p>Conditions g\u00e9n\u00e9rales de vente<\/p><ol><li>Remarques pr\u00e9liminaires, validit\u00e9<\/li><\/ol><p>saleservice.ch g\u00e8re des services Internet qui permettent aux personnes physiques et aux entreprises d'utiliser des services et\/ou de n\u00e9gocier\/d'acheter des marchandises.<\/p><p>Seules les personnes physiques ayant la pleine capacit\u00e9 juridique ainsi que les personnes morales peuvent \u00eatre parties au contrat (utilisateurs).<\/p><p>En utilisant les services Internet de saleservice.ch, les visiteurs\/utilisateurs\/partenaires contractuels (ci-apr\u00e8s d\u00e9nomm\u00e9s 'utilisateurs') d\u00e9clarent accepter les conditions d'utilisation formul\u00e9es ici. Tous les utilisateurs d\u00e9clarent leur accord en confirmant la prise de connaissance et l'acceptation des conditions g\u00e9n\u00e9rales de vente\/d'utilisation d\u00e9j\u00e0 dans le cadre de l'utilisation partielle d'un site Internet. Il y a utilisation partielle d'un site Internet d\u00e8s que celui-ci est consult\u00e9 dans un navigateur Internet fixe ou mobile.<\/p><p>En utilisant les services Internet de saleservice.ch, les visiteurs\/utilisateurs\/partenaires contractuels (ci-apr\u00e8s d\u00e9nomm\u00e9s 'utilisateurs') d\u00e9clarent \u00e9galement accepter les Conditions g\u00e9n\u00e9rales de vente de <a href=\"https:\/\/www.handbid.com\/terms-of-service\/\" target=\"_blank\" rel=\"noopener\">HANDBID<\/a>\u00a0et <a href=\"https:\/\/genetics-sale.ch\/agb\/\">GeneticsSale<\/a> d'accord<\/p><p>Les compl\u00e9ments contractuels concernant l'utilisation de services particuliers pour lesquels une inscription \u00e0 genetics-sale.ch est n\u00e9cessaire, prennent effet juridiquement d\u00e8s que l'utilisateur s'est inscrit avec succ\u00e8s \u00e0 genetics-sale.ch. Une inscription r\u00e9ussie est r\u00e9alis\u00e9e par la formulation d'une confirmation correspondante sur le site web de genetics-sale.ch ou par e-mail.<\/p><p>Si les utilisateurs n'acceptent pas les conditions g\u00e9n\u00e9rales d'utilisation, ils ne peuvent pas utiliser les fonctionnalit\u00e9s du site. Si les utilisateurs ne sont pas d'accord avec une partie seulement des pr\u00e9sentes conditions d'utilisation et qu'ils utilisent n\u00e9anmoins des prestations\/fonctions du site web, ils d\u00e9gagent les auteurs\/responsables\/auxiliaires d'ex\u00e9cution de toute responsabilit\u00e9 juridique au sens des dispositions l\u00e9gales en vigueur.<\/p><p>Des conditions divergentes de l'utilisateur, en contradiction avec ces conditions g\u00e9n\u00e9rales d'utilisation, ne seront en aucun cas prises en compte, sauf si genetics-sale.ch les accepte par \u00e9crit.<\/p><p>Dans le cadre de toute relation contractuelle avec genetics-sale.ch, les pr\u00e9sentes conditions g\u00e9n\u00e9rales d'utilisation sont valables, m\u00eame s'il n'y est pas fait r\u00e9f\u00e9rence s\u00e9par\u00e9ment lors de l'utilisation d'autres services, par exemple payants.<\/p><p>genetics-sale.ch est en droit de confier \u00e0 des tiers la fourniture d'une partie ou de la totalit\u00e9 de ses prestations. Dans ce cas, les pr\u00e9sentes conditions d'utilisation s'appliquent \u00e9galement.<\/p><p>genetics-sale.ch se r\u00e9serve le droit de modifier \u00e0 tout moment les pr\u00e9sentes conditions d'utilisation.\u00a0<\/p><p>2. \u00e9tendue des prestations<\/p><p>genetics-sale.ch exploite un service Internet que les utilisateurs du site peuvent utiliser, entre autres, pour acheter des animaux, des embryons et du sperme.<\/p><p>L'utilisateur doit compl\u00e9ter son profil avec des informations personnelles. Veuillez noter que genetics-sale.ch se r\u00e9serve le droit d'engager des poursuites civiles et de r\u00e9silier sans pr\u00e9avis le contrat existant en cas de fausses informations fournies intentionnellement ou frauduleusement dans le profil ou dans d'autres domaines du portail. genetics-sale.ch est \u00e9galement en droit de v\u00e9rifier les donn\u00e9es personnelles de l'utilisateur \u00e0 l'aide de documents officiels appropri\u00e9s et, le cas \u00e9ch\u00e9ant, de le supprimer, par exemple en cas d'informations incorrectes.<\/p><p>3. obligations des utilisateurs<\/p><p>L'utilisateur est responsable des d\u00e9clarations d'activit\u00e9 professionnelle \u00e9ventuellement requises par la loi.<\/p><p>L'utilisateur est seul responsable du contenu de son inscription et donc des informations qu'il fournit \u00e0 son sujet et assure que les donn\u00e9es qu'il fournit sont exactes. En s'inscrivant aux services Internet de genetics-sale.ch, l'utilisateur assure qu'il n'utilise genetics-sale.ch qu'\u00e0 des fins priv\u00e9es et non commerciales, et qu'il traitera notamment de mani\u00e8re confidentielle les informations qui lui sont confi\u00e9es par les autres membres et ne les utilisera pas \u00e0 des fins commerciales.<\/p><p>L'utilisateur s'engage \u00e0 tenir genetics-sale.ch \u00e0 l'abri de tout frais, action, dommage, perte ou autre r\u00e9clamation qui pourrait r\u00e9sulter de son inscription ou de sa participation aux services de genetics-sale.ch. L'utilisateur s'engage en particulier \u00e0 lib\u00e9rer genetics-sale.ch de toute responsabilit\u00e9 et de toutes les obligations, d\u00e9penses et revendications r\u00e9sultant de dommages pour cause d'injure, de diffamation, de violation des droits de la personnalit\u00e9, de l'absence de services pour les autres membres, de la violation de biens immat\u00e9riels ou d'autres droits. L'obligation d'indemnisation s'applique \u00e9galement aux frais n\u00e9cessaires pour se d\u00e9fendre contre de telles revendications.<\/p><p>L'utilisateur est tenu de traiter les e-mails et autres messages de mani\u00e8re confidentielle et de ne les rendre accessibles \u00e0 des tiers qu'avec l'accord pr\u00e9alable expr\u00e8s de l'exp\u00e9diteur. Cela vaut en particulier pour les noms, les num\u00e9ros de t\u00e9l\u00e9phone et de fax, les donn\u00e9es d'adresse, les adresses e-mail et les URL.<\/p><p>En outre, l'utilisateur s'engage \u00e0 ne pas utiliser les services de genetics-sale.ch de mani\u00e8re abusive, en particulier :<\/p><p>- ne pas diffuser de mat\u00e9riel ou d'informations diffamatoires, choquants ou ill\u00e9gaux de quelque mani\u00e8re que ce soit. Cela concerne en particulier les contenus pornographiques, racistes, incitant \u00e0 la haine ou comparables, y compris les contenus obsc\u00e8nes.<\/p><p>- harceler, menacer ou violer les droits (y compris les droits de la personnalit\u00e9) d'autres utilisateurs<\/p><p>- ne pas introduire dans le syst\u00e8me des donn\u00e9es contenant un virus informatique (logiciel infect\u00e9) ou un logiciel ou autre mat\u00e9riel prot\u00e9g\u00e9 par des droits d'auteur, \u00e0 moins que l'utilisateur lui-m\u00eame n'en ait les droits, qu'il n'ait obtenu les autorisations n\u00e9cessaires \u00e0 cet effet et que tout dommage \u00e9ventuel soit exclu<\/p><p>- d'une mani\u00e8re qui influence ou peut influencer n\u00e9gativement la disponibilit\u00e9 des offres pour les autres utilisateurs de genetics-sale.ch.<\/p><p>- ne pas intercepter les courriels d'autres utilisateurs et ne pas tenter de le faire<\/p><p>- ne pas envoyer de lettres en s\u00e9rie\/en cha\u00eene<\/p><p>Important : Le non-respect des obligations peut entra\u00eener la r\u00e9siliation sans pr\u00e9avis d'une \u00e9ventuelle relation contractuelle existante, ainsi que des cons\u00e9quences civiles et p\u00e9nales pour l'utilisateur. genetics-sale.ch se r\u00e9serve notamment le droit d'exclure les utilisateurs qui, lors de l'utilisation des services Internet de genetics-sale.ch, diffusent des contenus ou des photos immoraux, politiques radicaux ou obsc\u00e8nes.<\/p><p>4. juridiction comp\u00e9tente, clause salvatrice<\/p><p>Le droit suisse est exclusivement applicable aux pr\u00e9sentes conditions g\u00e9n\u00e9rales de vente\/d'utilisation ainsi qu'\u00e0 tous les autres accords conclus par les parties contractantes (utilisateurs) avec genetics-sale.ch.<\/p><p>Si certaines dispositions des pr\u00e9sentes conditions sont ou deviennent totalement ou partiellement invalides, la validit\u00e9 des autres dispositions n'en est pas affect\u00e9e. Si certaines dispositions du pr\u00e9sent contrat devaient \u00eatre totalement ou partiellement inefficaces ou perdre leur efficacit\u00e9 \u00e0 une date ult\u00e9rieure, la validit\u00e9 du reste du contrat n'en serait pas affect\u00e9e. La disposition invalide doit \u00eatre remplac\u00e9e par les parties par une disposition valide qui correspond autant que possible \u00e0 l'objectif \u00e9conomique de la disposition invalide. Il en va de m\u00eame pour les \u00e9ventuelles lacunes du contrat.<\/p><p>Clause de non-responsabilit\u00e9 (Disclaimer) genetics-sale.ch<\/p><ol><li>Contenu de l'offre en ligne L'auteur n'assume aucune garantie quant \u00e0 l'actualit\u00e9, l'exactitude, l'exhaustivit\u00e9 ou la qualit\u00e9 des informations mises \u00e0 disposition. Toute pr\u00e9tention en responsabilit\u00e9 \u00e0 l'encontre de l'auteur se rapportant \u00e0 des dommages mat\u00e9riels ou immat\u00e9riels caus\u00e9s par l'utilisation ou la non-utilisation des informations pr\u00e9sent\u00e9es ou par l'utilisation d'informations erron\u00e9es ou incompl\u00e8tes est fondamentalement exclue, dans la mesure o\u00f9 il n'est pas prouv\u00e9 que l'auteur a commis une faute intentionnelle ou une n\u00e9gligence grave. Toutes les offres sont sans engagement et non contractuelles. L'auteur se r\u00e9serve express\u00e9ment le droit de modifier, de compl\u00e9ter ou de supprimer des parties de pages ou l'ensemble de l'offre sans avis pr\u00e9alable, ou d'en suspendre temporairement ou d\u00e9finitivement la publication.<\/li><li>Renvois et liens En cas de renvois directs ou indirects \u00e0 des sites Internet \u00e9trangers ('hyperliens') qui ne rel\u00e8vent pas de la responsabilit\u00e9 de l'auteur, une obligation de responsabilit\u00e9 entrerait uniquement en vigueur dans le cas o\u00f9 l'auteur aurait connaissance des contenus et qu'il lui serait techniquement possible et raisonnable d'emp\u00eacher l'utilisation en cas de contenus ill\u00e9gaux. L'auteur d\u00e9clare express\u00e9ment par la pr\u00e9sente qu'au moment de l'\u00e9tablissement des liens, aucun contenu ill\u00e9gal n'\u00e9tait identifiable sur les pages \u00e0 relier. L'auteur n'a aucune influence sur la conception actuelle et future, les contenus ou les droits d'auteur des pages li\u00e9es\/associ\u00e9es. C'est pourquoi il se distancie express\u00e9ment par la pr\u00e9sente de tous les contenus de toutes les pages li\u00e9es\/associ\u00e9es qui ont \u00e9t\u00e9 modifi\u00e9es apr\u00e8s l'\u00e9tablissement des liens. Cette constatation s'applique \u00e0 tous les liens et renvois plac\u00e9s au sein de la propre offre Internet ainsi qu'aux inscriptions de tiers dans les livres d'or, forums de discussion, r\u00e9pertoires de liens, listes de diffusion et toutes autres formes de bases de donn\u00e9es cr\u00e9\u00e9es par l'auteur et dont le contenu peut \u00eatre modifi\u00e9 par des tiers. Seul le fournisseur de la page \u00e0 laquelle il a \u00e9t\u00e9 renvoy\u00e9 est responsable des contenus ill\u00e9gaux, erron\u00e9s ou incomplets et en particulier des dommages r\u00e9sultant de l'utilisation ou de la non-utilisation des informations ainsi pr\u00e9sent\u00e9es, et non celui qui ne fait que renvoyer \u00e0 la publication concern\u00e9e par le biais de liens.<\/li><li>Droit d'auteur et droit des marques L'auteur s'efforce de respecter dans toutes les publications les droits d'auteur des images, graphiques, documents sonores, s\u00e9quences vid\u00e9o et textes utilis\u00e9s, d'utiliser des images, graphiques, documents sonores, s\u00e9quences vid\u00e9o et textes qu'il a lui-m\u00eame cr\u00e9\u00e9s ou de recourir \u00e0 des graphiques, documents sonores, s\u00e9quences vid\u00e9o et textes libres de droits. Toutes les marques et marques d\u00e9pos\u00e9es mentionn\u00e9es dans l'offre Internet et \u00e9ventuellement prot\u00e9g\u00e9es par des tiers sont soumises sans restriction aux dispositions du droit des marques de fabrique en vigueur et aux droits de propri\u00e9t\u00e9 des propri\u00e9taires enregistr\u00e9s respectifs. La simple mention d'une marque ne permet pas d'en d\u00e9duire qu'elle n'est pas prot\u00e9g\u00e9e par les droits d'un tiers ! Le copyright des objets publi\u00e9s et cr\u00e9\u00e9s par l'auteur lui-m\u00eame reste la propri\u00e9t\u00e9 exclusive de l'auteur des pages. Toute reproduction ou utilisation de tels graphiques, documents sonores, s\u00e9quences vid\u00e9o et textes dans d'autres publications \u00e9lectroniques ou imprim\u00e9es est interdite sans l'autorisation expresse de l'auteur.<\/li><li>Protection des donn\u00e9es Dans la mesure o\u00f9 il est possible de saisir des donn\u00e9es personnelles ou professionnelles (adresses e-mail, noms, adresses) dans le cadre de l'offre Internet, la divulgation de ces donn\u00e9es par l'utilisateur se fait express\u00e9ment sur une base volontaire. L'utilisation et le paiement de tous les services propos\u00e9s sont autoris\u00e9s - dans la mesure o\u00f9 cela est techniquement possible et raisonnable - m\u00eame sans indication de telles donn\u00e9es ou en indiquant des donn\u00e9es anonymes ou un pseudonyme. L'utilisation par des tiers des donn\u00e9es de contact publi\u00e9es dans le cadre des mentions l\u00e9gales ou d'indications comparables, telles que les adresses postales, les num\u00e9ros de t\u00e9l\u00e9phone et de fax ainsi que les adresses e-mail, pour l'envoi d'informations non express\u00e9ment demand\u00e9es n'est pas autoris\u00e9e. Nous nous r\u00e9servons express\u00e9ment le droit d'engager des poursuites judiciaires contre les exp\u00e9diteurs de spams en cas d'infraction \u00e0 cette interdiction. Pour plus d'informations, veuillez consulter la d\u00e9claration sur la protection des donn\u00e9es (Privacy Policy).<\/li><li>Validit\u00e9 juridique de cette exclusion de responsabilit\u00e9 Cette exclusion de responsabilit\u00e9 doit \u00eatre consid\u00e9r\u00e9e comme faisant partie de l'offre Internet \u00e0 partir de laquelle il a \u00e9t\u00e9 renvoy\u00e9 \u00e0 cette page. Si des parties ou certaines formulations de ce texte ne devaient pas, plus ou pas enti\u00e8rement correspondre \u00e0 la situation juridique en vigueur, les autres parties du document n'en seraient pas affect\u00e9es dans leur contenu et leur validit\u00e9.<\/li><\/ol>\t\t\t\t\t\t<\/div>\n\t\t\t\t<\/div>\n\t\t\t\t\t<\/div>\n\t\t<\/div>\n\t\t\t\t\t\t\t<\/div>\n\t\t<\/section>\n\t\t\t\t\t\t\t<\/div>","protected":false},"excerpt":{"rendered":"<p>Conditions g\u00e9n\u00e9rales Sale Service est une page d'accueil de Genetics Sale...<\/p>\n<p> <a class=\"more-link\" href=\"https:\/\/saleservice.ch\/fr\/agb\/\">Lire la suite<\/a><\/p>","protected":false},"author":1,"featured_media":0,"parent":0,"menu_order":0,"comment_status":"closed","ping_status":"closed","template":"","meta":{"footnotes":""},"class_list":["post-12134","page","type-page","status-publish"],"yoast_head":"<!-- This site is optimized with the Yoast SEO plugin v20.12 - https:\/\/yoast.com\/wordpress\/plugins\/seo\/ -->\n<title>Allgemeine Gesch\u00e4ftsbedingungen - SaleService<\/title>\n<meta name=\"robots\" content=\"index, follow, max-snippet:-1, max-image-preview:large, max-video-preview:-1\" \/>\n<link rel=\"canonical\" href=\"https:\/\/saleservice.ch\/fr\/agb\/\" \/>\n<meta property=\"og:locale\" content=\"fr_FR\" \/>\n<meta property=\"og:type\" content=\"article\" \/>\n<meta property=\"og:title\" content=\"Allgemeine Gesch\u00e4ftsbedingungen - SaleService\" \/>\n<meta property=\"og:description\" content=\"Allgemeine Gesch\u00e4ftsbedingungen Sale Service ist eine Homepage von Genetics Sale&hellip;  Lire la suite\" \/>\n<meta property=\"og:url\" content=\"https:\/\/saleservice.ch\/fr\/agb\/\" \/>\n<meta property=\"og:site_name\" content=\"SaleService\" \/>\n<meta property=\"article:modified_time\" content=\"2023-08-06T09:52:28+00:00\" \/>\n<meta name=\"twitter:card\" content=\"summary_large_image\" \/>\n<meta name=\"twitter:label1\" content=\"Dur\u00e9e de lecture estim\u00e9e\" \/>\n\t<meta name=\"twitter:data1\" content=\"9 minutes\" \/>\n<script type=\"application\/ld+json\" class=\"yoast-schema-graph\">{\"@context\":\"https:\/\/schema.org\",\"@graph\":[{\"@type\":\"WebPage\",\"@id\":\"https:\/\/saleservice.ch\/agb\/\",\"url\":\"https:\/\/saleservice.ch\/agb\/\",\"name\":\"Allgemeine Gesch\u00e4ftsbedingungen - SaleService\",\"isPartOf\":{\"@id\":\"https:\/\/saleservice.ch\/#website\"},\"datePublished\":\"2023-08-05T21:11:40+00:00\",\"dateModified\":\"2023-08-06T09:52:28+00:00\",\"breadcrumb\":{\"@id\":\"https:\/\/saleservice.ch\/agb\/#breadcrumb\"},\"inLanguage\":\"fr-FR\",\"potentialAction\":[{\"@type\":\"ReadAction\",\"target\":[\"https:\/\/saleservice.ch\/agb\/\"]}]},{\"@type\":\"BreadcrumbList\",\"@id\":\"https:\/\/saleservice.ch\/agb\/#breadcrumb\",\"itemListElement\":[{\"@type\":\"ListItem\",\"position\":1,\"name\":\"Startseite\",\"item\":\"https:\/\/saleservice.ch\/\"},{\"@type\":\"ListItem\",\"position\":2,\"name\":\"Allgemeine Gesch\u00e4ftsbedingungen\"}]},{\"@type\":\"WebSite\",\"@id\":\"https:\/\/saleservice.ch\/#website\",\"url\":\"https:\/\/saleservice.ch\/\",\"name\":\"SaleService\",\"description\":\"\",\"publisher\":{\"@id\":\"https:\/\/saleservice.ch\/#organization\"},\"potentialAction\":[{\"@type\":\"SearchAction\",\"target\":{\"@type\":\"EntryPoint\",\"urlTemplate\":\"https:\/\/saleservice.ch\/?s={search_term_string}\"},\"query-input\":\"required name=search_term_string\"}],\"inLanguage\":\"fr-FR\"},{\"@type\":\"Organization\",\"@id\":\"https:\/\/saleservice.ch\/#organization\",\"name\":\"Genetics Sale\",\"url\":\"https:\/\/saleservice.ch\/\",\"logo\":{\"@type\":\"ImageObject\",\"inLanguage\":\"fr-FR\",\"@id\":\"https:\/\/saleservice.ch\/#\/schema\/logo\/image\/\",\"url\":\"https:\/\/saleservice.ch\/wp-content\/uploads\/2023\/08\/cropped-Logo-SaleService.png\",\"contentUrl\":\"https:\/\/saleservice.ch\/wp-content\/uploads\/2023\/08\/cropped-Logo-SaleService.png\",\"width\":2331,\"height\":567,\"caption\":\"Genetics Sale\"},\"image\":{\"@id\":\"https:\/\/saleservice.ch\/#\/schema\/logo\/image\/\"}}]}<\/script>\n<!-- \/ Yoast SEO plugin. -->","yoast_head_json":{"title":"Allgemeine Gesch\u00e4ftsbedingungen - SaleService","robots":{"index":"index","follow":"follow","max-snippet":"max-snippet:-1","max-image-preview":"max-image-preview:large","max-video-preview":"max-video-preview:-1"},"canonical":"https:\/\/saleservice.ch\/fr\/agb\/","og_locale":"fr_FR","og_type":"article","og_title":"Allgemeine Gesch\u00e4ftsbedingungen - SaleService","og_description":"Allgemeine Gesch\u00e4ftsbedingungen Sale Service ist eine Homepage von Genetics Sale&hellip;  Lire la suite","og_url":"https:\/\/saleservice.ch\/fr\/agb\/","og_site_name":"SaleService","article_modified_time":"2023-08-06T09:52:28+00:00","twitter_card":"summary_large_image","twitter_misc":{"Dur\u00e9e de lecture estim\u00e9e":"9 minutes"},"schema":{"@context":"https:\/\/schema.org","@graph":[{"@type":"WebPage","@id":"https:\/\/saleservice.ch\/agb\/","url":"https:\/\/saleservice.ch\/agb\/","name":"Allgemeine Gesch\u00e4ftsbedingungen - SaleService","isPartOf":{"@id":"https:\/\/saleservice.ch\/#website"},"datePublished":"2023-08-05T21:11:40+00:00","dateModified":"2023-08-06T09:52:28+00:00","breadcrumb":{"@id":"https:\/\/saleservice.ch\/agb\/#breadcrumb"},"inLanguage":"fr-FR","potentialAction":[{"@type":"ReadAction","target":["https:\/\/saleservice.ch\/agb\/"]}]},{"@type":"BreadcrumbList","@id":"https:\/\/saleservice.ch\/agb\/#breadcrumb","itemListElement":[{"@type":"ListItem","position":1,"name":"Startseite","item":"https:\/\/saleservice.ch\/"},{"@type":"ListItem","position":2,"name":"Allgemeine Gesch\u00e4ftsbedingungen"}]},{"@type":"WebSite","@id":"https:\/\/saleservice.ch\/#website","url":"https:\/\/saleservice.ch\/","name":"SaleService","description":"","publisher":{"@id":"https:\/\/saleservice.ch\/#organization"},"potentialAction":[{"@type":"SearchAction","target":{"@type":"EntryPoint","urlTemplate":"https:\/\/saleservice.ch\/?s={search_term_string}"},"query-input":"required name=search_term_string"}],"inLanguage":"fr-FR"},{"@type":"Organization","@id":"https:\/\/saleservice.ch\/#organization","name":"Genetics Sale","url":"https:\/\/saleservice.ch\/","logo":{"@type":"ImageObject","inLanguage":"fr-FR","@id":"https:\/\/saleservice.ch\/#\/schema\/logo\/image\/","url":"https:\/\/saleservice.ch\/wp-content\/uploads\/2023\/08\/cropped-Logo-SaleService.png","contentUrl":"https:\/\/saleservice.ch\/wp-content\/uploads\/2023\/08\/cropped-Logo-SaleService.png","width":2331,"height":567,"caption":"Genetics Sale"},"image":{"@id":"https:\/\/saleservice.ch\/#\/schema\/logo\/image\/"}}]}},"_links":{"self":[{"href":"https:\/\/saleservice.ch\/fr\/wp-json\/wp\/v2\/pages\/12134","targetHints":{"allow":["GET"]}}],"collection":[{"href":"https:\/\/saleservice.ch\/fr\/wp-json\/wp\/v2\/pages"}],"about":[{"href":"https:\/\/saleservice.ch\/fr\/wp-json\/wp\/v2\/types\/page"}],"author":[{"embeddable":true,"href":"https:\/\/saleservice.ch\/fr\/wp-json\/wp\/v2\/users\/1"}],"replies":[{"embeddable":true,"href":"https:\/\/saleservice.ch\/fr\/wp-json\/wp\/v2\/comments?post=12134"}],"version-history":[{"count":13,"href":"https:\/\/saleservice.ch\/fr\/wp-json\/wp\/v2\/pages\/12134\/revisions"}],"predecessor-version":[{"id":12225,"href":"https:\/\/saleservice.ch\/fr\/wp-json\/wp\/v2\/pages\/12134\/revisions\/12225"}],"wp:attachment":[{"href":"https:\/\/saleservice.ch\/fr\/wp-json\/wp\/v2\/media?parent=12134"}],"curies":[{"name":"wp","href":"https:\/\/api.w.org\/{rel}","templated":true}]}}